{"id":24,"date":"2020-09-02T10:23:17","date_gmt":"2020-09-02T08:23:17","guid":{"rendered":"https:\/\/iespadremoretirubide.educacion.navarra.es\/web1\/?page_id=24"},"modified":"2024-11-15T13:06:30","modified_gmt":"2024-11-15T12:06:30","slug":"info","status":"publish","type":"page","link":"https:\/\/iespadremoretirubide.educacion.navarra.es\/web1\/instituto\/el-centro\/info\/","title":{"rendered":"Qui\u00e9nes somos"},"content":{"rendered":"\t\t<div data-elementor-type=\"wp-page\" data-elementor-id=\"24\" class=\"elementor elementor-24\" data-elementor-post-type=\"page\">\n\t\t\t\t\t\t\t\t\t<section class=\"elementor-section elementor-top-section elementor-element elementor-element-594a460 elementor-section-boxed elementor-section-height-default elementor-section-height-default\" data-id=\"594a460\" data-element_type=\"section\">\n\t\t\t\t\t\t<div class=\"elementor-container elementor-column-gap-default\">\n\t\t\t\t\t<div class=\"elementor-column elementor-col-100 elementor-top-column elementor-element elementor-element-f13dcce\" data-id=\"f13dcce\" data-element_type=\"column\">\n\t\t\t<div class=\"elementor-widget-wrap\">\n\t\t\t\t\t\t\t\t\t<\/div>\n\t\t<\/div>\n\t\t\t\t\t\t\t<\/div>\n\t\t<\/section>\n\t\t<div class=\"elementor-element elementor-element-431296d e-flex e-con-boxed e-con e-parent\" data-id=\"431296d\" data-element_type=\"container\" data-settings=\"{&quot;content_width&quot;:&quot;boxed&quot;}\" data-core-v316-plus=\"true\">\n\t\t\t\t\t<div class=\"e-con-inner\">\n\t\t\t\t<div class=\"elementor-element elementor-element-0cc9b40 elementor-widget elementor-widget-image\" data-id=\"0cc9b40\" data-element_type=\"widget\" data-widget_type=\"image.default\">\n\t\t\t\t<div class=\"elementor-widget-container\">\n\t\t\t<style>\/*! elementor - v3.18.0 - 20-12-2023 *\/\n.elementor-widget-image{text-align:center}.elementor-widget-image a{display:inline-block}.elementor-widget-image a img[src$=\".svg\"]{width:48px}.elementor-widget-image img{vertical-align:middle;display:inline-block}<\/style>\t\t\t\t\t\t\t\t\t\t\t\t<img fetchpriority=\"high\" decoding=\"async\" width=\"1024\" height=\"768\" src=\"https:\/\/iespadremoretirubide.educacion.navarra.es\/web1\/wp-content\/uploads\/2024\/11\/Grafico-Mision-Vision-Y-Valores-Profesional-Multicolor.png\" class=\"attachment-large size-large wp-image-4874\" alt=\"\" srcset=\"https:\/\/iespadremoretirubide.educacion.navarra.es\/web1\/wp-content\/uploads\/2024\/11\/Grafico-Mision-Vision-Y-Valores-Profesional-Multicolor.png 1024w, https:\/\/iespadremoretirubide.educacion.navarra.es\/web1\/wp-content\/uploads\/2024\/11\/Grafico-Mision-Vision-Y-Valores-Profesional-Multicolor-300x225.png 300w, https:\/\/iespadremoretirubide.educacion.navarra.es\/web1\/wp-content\/uploads\/2024\/11\/Grafico-Mision-Vision-Y-Valores-Profesional-Multicolor-768x576.png 768w, https:\/\/iespadremoretirubide.educacion.navarra.es\/web1\/wp-content\/uploads\/2024\/11\/Grafico-Mision-Vision-Y-Valores-Profesional-Multicolor-702x526.png 702w\" sizes=\"(max-width: 1024px) 100vw, 1024px\" \/>\t\t\t\t\t\t\t\t\t\t\t\t\t\t\t<\/div>\n\t\t\t\t<\/div>\n\t\t\t\t\t<\/div>\n\t\t\t\t<\/div>\n\t\t\t\t<section class=\"elementor-section elementor-top-section elementor-element elementor-element-6f4396b elementor-section-boxed elementor-section-height-default elementor-section-height-default\" data-id=\"6f4396b\" data-element_type=\"section\">\n\t\t\t\t\t\t<div class=\"elementor-container elementor-column-gap-default\">\n\t\t\t\t\t<div class=\"elementor-column elementor-col-100 elementor-top-column elementor-element elementor-element-f0cf8eb\" data-id=\"f0cf8eb\" data-element_type=\"column\">\n\t\t\t<div class=\"elementor-widget-wrap elementor-element-populated\">\n\t\t\t\t\t\t\t\t<div class=\"elementor-element elementor-element-c803023 elementor-widget elementor-widget-text-editor\" data-id=\"c803023\" data-element_type=\"widget\" data-widget_type=\"text-editor.default\">\n\t\t\t\t<div class=\"elementor-widget-container\">\n\t\t\t<style>\/*! elementor - v3.18.0 - 20-12-2023 *\/\n.elementor-widget-text-editor.elementor-drop-cap-view-stacked .elementor-drop-cap{background-color:#69727d;color:#fff}.elementor-widget-text-editor.elementor-drop-cap-view-framed .elementor-drop-cap{color:#69727d;border:3px solid;background-color:transparent}.elementor-widget-text-editor:not(.elementor-drop-cap-view-default) .elementor-drop-cap{margin-top:8px}.elementor-widget-text-editor:not(.elementor-drop-cap-view-default) .elementor-drop-cap-letter{width:1em;height:1em}.elementor-widget-text-editor .elementor-drop-cap{float:left;text-align:center;line-height:1;font-size:50px}.elementor-widget-text-editor .elementor-drop-cap-letter{display:inline-block}<\/style>\t\t\t\t<p><span class=\"CharacterStyle2\">El IES Padre Moret &#8211; Irubide es un centro de la red p\u00fablica de ense\u00f1anza secundaria del Gobierno de Navarra, con dos niveles educativos: ESO y Bachillerato, en r\u00e9gimen de ense\u00f1anza diurno y en los modelos ling\u00fc\u00edsticos A (castellano, con asignatura de euskera) y G (enteramente en castellano). <\/span><\/p><p><span class=\"CharacterStyle2\">En la ESO tenemos el Programa British, de ense\u00f1anza biling\u00fce en Ingl\u00e9s. <\/span><span class=\"CharacterStyle2\">Colaboramos con la EOIDNA para que nuestro alumnado pueda certificar los niveles A2, B1, B2 y C1 en Ingl\u00e9s, Franc\u00e9s y Euskara. <\/span><\/p><p><span class=\"CharacterStyle2\">El instituto inici\u00f3 su actividad en 1.972. A lo largo de esta dilatada trayectoria, las propuestas y preocupa\u00adciones educativas innovadoras y las actividades complementarias de reconocido prestigio han estado presentes de manera muy relevante en la tarea diaria. <\/span><\/p><p><span class=\"CharacterStyle2\">El Coro, el Grupo de Teatro, los Concursos Literarios y de \u00abEnsayo y Opini\u00f3n\u00bb, la Revista el Rayo Verde, el Aula de la Naturaleza, las acti\u00advidades relacionadas con la pertenencia del Centro a la Red Europea de Escuelas promotoras de Salud, la Orquesta, el huerto escolar, los Programas de Convivencia y tutor\u00eda entre iguales, los Blogs de los Departamentos Did\u00e1cticos&#8230; y un largo etc.<\/span><\/p>\t\t\t\t\t\t<\/div>\n\t\t\t\t<\/div>\n\t\t\t\t\t<\/div>\n\t\t<\/div>\n\t\t\t\t\t\t\t<\/div>\n\t\t<\/section>\n\t\t\t\t<section class=\"elementor-section elementor-top-section elementor-element elementor-element-56d6515 elementor-section-boxed elementor-section-height-default elementor-section-height-default\" data-id=\"56d6515\" data-element_type=\"section\">\n\t\t\t\t\t\t<div class=\"elementor-container elementor-column-gap-default\">\n\t\t\t\t\t<div class=\"elementor-column elementor-col-100 elementor-top-column elementor-element elementor-element-57fbb6a\" data-id=\"57fbb6a\" data-element_type=\"column\">\n\t\t\t<div class=\"elementor-widget-wrap\">\n\t\t\t\t\t\t\t\t\t<\/div>\n\t\t<\/div>\n\t\t\t\t\t\t\t<\/div>\n\t\t<\/section>\n\t\t\t\t\t\t\t<\/div>\n\t\t","protected":false},"excerpt":{"rendered":"<p>El IES Padre Moret &#8211; Irubide es un centro de la red p\u00fablica de ense\u00f1anza secundaria del Gobierno de Navarra, con dos niveles educativos: ESO y Bachillerato, en r\u00e9gimen de ense\u00f1anza diurno y en los modelos ling\u00fc\u00edsticos A (castellano, con asignatura de euskera) y G (enteramente en castellano). En la ESO tenemos el Programa British, [&hellip;]<\/p>\n","protected":false},"author":1,"featured_media":0,"parent":22,"menu_order":0,"comment_status":"closed","ping_status":"closed","template":"","meta":{"_genesis_hide_title":false,"_genesis_hide_breadcrumbs":false,"_genesis_hide_singular_image":false,"_genesis_hide_footer_widgets":false,"_genesis_custom_body_class":"","_genesis_custom_post_class":"","_genesis_layout":"full-width-content","footnotes":""},"_links":{"self":[{"href":"https:\/\/iespadremoretirubide.educacion.navarra.es\/web1\/wp-json\/wp\/v2\/pages\/24"}],"collection":[{"href":"https:\/\/iespadremoretirubide.educacion.navarra.es\/web1\/wp-json\/wp\/v2\/pages"}],"about":[{"href":"https:\/\/iespadremoretirubide.educacion.navarra.es\/web1\/wp-json\/wp\/v2\/types\/page"}],"author":[{"embeddable":true,"href":"https:\/\/iespadremoretirubide.educacion.navarra.es\/web1\/wp-json\/wp\/v2\/users\/1"}],"replies":[{"embeddable":true,"href":"https:\/\/iespadremoretirubide.educacion.navarra.es\/web1\/wp-json\/wp\/v2\/comments?post=24"}],"version-history":[{"count":14,"href":"https:\/\/iespadremoretirubide.educacion.navarra.es\/web1\/wp-json\/wp\/v2\/pages\/24\/revisions"}],"predecessor-version":[{"id":4880,"href":"https:\/\/iespadremoretirubide.educacion.navarra.es\/web1\/wp-json\/wp\/v2\/pages\/24\/revisions\/4880"}],"up":[{"embeddable":true,"href":"https:\/\/iespadremoretirubide.educacion.navarra.es\/web1\/wp-json\/wp\/v2\/pages\/22"}],"wp:attachment":[{"href":"https:\/\/iespadremoretirubide.educacion.navarra.es\/web1\/wp-json\/wp\/v2\/media?parent=24"}],"curies":[{"name":"wp","href":"https:\/\/api.w.org\/{rel}","templated":true}]}}