{"id":26,"date":"2020-09-02T10:23:36","date_gmt":"2020-09-02T08:23:36","guid":{"rendered":"https:\/\/iespadremoretirubide.educacion.navarra.es\/web1\/?page_id=26"},"modified":"2022-09-09T21:21:39","modified_gmt":"2022-09-09T19:21:39","slug":"historia","status":"publish","type":"page","link":"https:\/\/iespadremoretirubide.educacion.navarra.es\/web1\/instituto\/el-centro\/historia\/","title":{"rendered":"Historia"},"content":{"rendered":"\t\t<div data-elementor-type=\"wp-page\" data-elementor-id=\"26\" class=\"elementor elementor-26\" data-elementor-post-type=\"page\">\n\t\t\t\t\t\t\t\t\t<section class=\"elementor-section elementor-top-section elementor-element elementor-element-d26c86f elementor-section-boxed elementor-section-height-default elementor-section-height-default\" data-id=\"d26c86f\" data-element_type=\"section\">\n\t\t\t\t\t\t<div class=\"elementor-container elementor-column-gap-default\">\n\t\t\t\t\t<div class=\"elementor-column elementor-col-100 elementor-top-column elementor-element elementor-element-608a55d\" data-id=\"608a55d\" data-element_type=\"column\">\n\t\t\t<div class=\"elementor-widget-wrap elementor-element-populated\">\n\t\t\t\t\t\t\t\t<div class=\"elementor-element elementor-element-add5506 elementor-widget elementor-widget-text-editor\" data-id=\"add5506\" data-element_type=\"widget\" data-widget_type=\"text-editor.default\">\n\t\t\t\t<div class=\"elementor-widget-container\">\n\t\t\t<style>\/*! elementor - v3.18.0 - 20-12-2023 *\/\n.elementor-widget-text-editor.elementor-drop-cap-view-stacked .elementor-drop-cap{background-color:#69727d;color:#fff}.elementor-widget-text-editor.elementor-drop-cap-view-framed .elementor-drop-cap{color:#69727d;border:3px solid;background-color:transparent}.elementor-widget-text-editor:not(.elementor-drop-cap-view-default) .elementor-drop-cap{margin-top:8px}.elementor-widget-text-editor:not(.elementor-drop-cap-view-default) .elementor-drop-cap-letter{width:1em;height:1em}.elementor-widget-text-editor .elementor-drop-cap{float:left;text-align:center;line-height:1;font-size:50px}.elementor-widget-text-editor .elementor-drop-cap-letter{display:inline-block}<\/style>\t\t\t\t<p><span class=\"CharacterStyle2\">El IES Padre Moret &#8211; Irubide es un centro de la red p\u00fablica de ense\u00f1anza secundaria del Gobierno de Navarra, con dos niveles educativos: ESO y Bachillerato, en r\u00e9gimen de ense\u00f1anza diurno y en los modelos ling\u00fc\u00edsticos A (castellano, con asignatura de euskera) y G (enteramente en castellano). <\/span><\/p>\n<p><span class=\"CharacterStyle2\">En la ESO se ofrece el Programa British, de ense\u00f1anza biling\u00fce en Ingl\u00e9s. Colaboramos con la EOIDNA para que nuestro alumnado pueda certificar los niveles A2, B1, B2 y C1 en Ingl\u00e9s, Franc\u00e9s y Euskara. <\/span><\/p>\n<p><span class=\"CharacterStyle2\">El instituto inici\u00f3 su actividad en el curso 1972. A lo largo de esta dilatada trayectoria, las propuestas y preocupa\u00adciones educativas innovadoras y las actividades complementarias de reconocido prestigio han estado presentes de manera muy relevante en la tarea diaria. El Coro, el Grupo de Teatro, los Concursos Literarios y de \u00abEnsayo y Opini\u00f3n\u00bb, la Revista el Rayo Verde, el Aula de la Naturaleza, las acti\u00advidades relacionadas con la pertenencia del Centro a la Red Europea de Escuelas promotoras de Salud, la Orquesta, el huerto escolar, los Programas de Convivencia y su apuesta por la internacionalizaci\u00f3n a trav\u00e9s del Programa Erasmus +,&nbsp; referencia en los centros escolares de Navarra, conforman el modo de ser propio del Instituto Irubide, que ha pasado de de 390 alumnos y alumnas en el curso 2009-2010 a los 688 en el curso 2022-2023, curso en el que celebraremos el 50 aniversario del centro, con 100 empleados de los que 90 son profesores y profesoras.<br><\/span><\/p>\t\t\t\t\t\t<\/div>\n\t\t\t\t<\/div>\n\t\t\t\t\t<\/div>\n\t\t<\/div>\n\t\t\t\t\t\t\t<\/div>\n\t\t<\/section>\n\t\t\t\t<section class=\"elementor-section elementor-top-section elementor-element elementor-element-de49a06 elementor-section-boxed elementor-section-height-default elementor-section-height-default\" data-id=\"de49a06\" data-element_type=\"section\">\n\t\t\t\t\t\t<div class=\"elementor-container elementor-column-gap-default\">\n\t\t\t\t\t<div class=\"elementor-column elementor-col-100 elementor-top-column elementor-element elementor-element-f7d2fef\" data-id=\"f7d2fef\" data-element_type=\"column\">\n\t\t\t<div class=\"elementor-widget-wrap\">\n\t\t\t\t\t\t\t\t\t<\/div>\n\t\t<\/div>\n\t\t\t\t\t\t\t<\/div>\n\t\t<\/section>\n\t\t\t\t\t\t\t<\/div>\n\t\t","protected":false},"excerpt":{"rendered":"<p>El IES Padre Moret &#8211; Irubide es un centro de la red p\u00fablica de ense\u00f1anza secundaria del Gobierno de Navarra, con dos niveles educativos: ESO y Bachillerato, en r\u00e9gimen de ense\u00f1anza diurno y en los modelos ling\u00fc\u00edsticos A (castellano, con asignatura de euskera) y G (enteramente en castellano). En la ESO se ofrece el Programa [&hellip;]<\/p>\n","protected":false},"author":1,"featured_media":0,"parent":22,"menu_order":0,"comment_status":"closed","ping_status":"closed","template":"","meta":{"_genesis_hide_title":false,"_genesis_hide_breadcrumbs":false,"_genesis_hide_singular_image":false,"_genesis_hide_footer_widgets":false,"_genesis_custom_body_class":"","_genesis_custom_post_class":"","_genesis_layout":"full-width-content","footnotes":""},"_links":{"self":[{"href":"https:\/\/iespadremoretirubide.educacion.navarra.es\/web1\/wp-json\/wp\/v2\/pages\/26"}],"collection":[{"href":"https:\/\/iespadremoretirubide.educacion.navarra.es\/web1\/wp-json\/wp\/v2\/pages"}],"about":[{"href":"https:\/\/iespadremoretirubide.educacion.navarra.es\/web1\/wp-json\/wp\/v2\/types\/page"}],"author":[{"embeddable":true,"href":"https:\/\/iespadremoretirubide.educacion.navarra.es\/web1\/wp-json\/wp\/v2\/users\/1"}],"replies":[{"embeddable":true,"href":"https:\/\/iespadremoretirubide.educacion.navarra.es\/web1\/wp-json\/wp\/v2\/comments?post=26"}],"version-history":[{"count":8,"href":"https:\/\/iespadremoretirubide.educacion.navarra.es\/web1\/wp-json\/wp\/v2\/pages\/26\/revisions"}],"predecessor-version":[{"id":2547,"href":"https:\/\/iespadremoretirubide.educacion.navarra.es\/web1\/wp-json\/wp\/v2\/pages\/26\/revisions\/2547"}],"up":[{"embeddable":true,"href":"https:\/\/iespadremoretirubide.educacion.navarra.es\/web1\/wp-json\/wp\/v2\/pages\/22"}],"wp:attachment":[{"href":"https:\/\/iespadremoretirubide.educacion.navarra.es\/web1\/wp-json\/wp\/v2\/media?parent=26"}],"curies":[{"name":"wp","href":"https:\/\/api.w.org\/{rel}","templated":true}]}}