{"id":93,"date":"2020-09-02T10:51:56","date_gmt":"2020-09-02T08:51:56","guid":{"rendered":"https:\/\/iespadremoretirubide.educacion.navarra.es\/web1\/?page_id=93"},"modified":"2025-11-19T10:32:57","modified_gmt":"2025-11-19T09:32:57","slug":"departamentos","status":"publish","type":"page","link":"https:\/\/iespadremoretirubide.educacion.navarra.es\/web1\/organizacion\/departamentos\/","title":{"rendered":"Departamentos y contacto"},"content":{"rendered":"\t\t<div data-elementor-type=\"wp-page\" data-elementor-id=\"93\" class=\"elementor elementor-93\" data-elementor-post-type=\"page\">\n\t\t\t\t\t\t\t\t\t<section class=\"elementor-section elementor-top-section elementor-element elementor-element-6da5af33 elementor-section-boxed elementor-section-height-default elementor-section-height-default\" data-id=\"6da5af33\" data-element_type=\"section\">\n\t\t\t\t\t\t<div class=\"elementor-container elementor-column-gap-default\">\n\t\t\t\t\t<div class=\"elementor-column elementor-col-100 elementor-top-column elementor-element elementor-element-2894d59\" data-id=\"2894d59\" data-element_type=\"column\">\n\t\t\t<div class=\"elementor-widget-wrap elementor-element-populated\">\n\t\t\t\t\t\t\t\t<div class=\"elementor-element elementor-element-33647da9 elementor-widget elementor-widget-text-editor\" data-id=\"33647da9\" data-element_type=\"widget\" data-widget_type=\"text-editor.default\">\n\t\t\t\t<div class=\"elementor-widget-container\">\n\t\t\t<style>\/*! elementor - v3.18.0 - 20-12-2023 *\/\n.elementor-widget-text-editor.elementor-drop-cap-view-stacked .elementor-drop-cap{background-color:#69727d;color:#fff}.elementor-widget-text-editor.elementor-drop-cap-view-framed .elementor-drop-cap{color:#69727d;border:3px solid;background-color:transparent}.elementor-widget-text-editor:not(.elementor-drop-cap-view-default) .elementor-drop-cap{margin-top:8px}.elementor-widget-text-editor:not(.elementor-drop-cap-view-default) .elementor-drop-cap-letter{width:1em;height:1em}.elementor-widget-text-editor .elementor-drop-cap{float:left;text-align:center;line-height:1;font-size:50px}.elementor-widget-text-editor .elementor-drop-cap-letter{display:inline-block}<\/style>\t\t\t\t<p><!-- wp:table {\"align\":\"left\",\"className\":\"is-style-stripes\"} --><\/p>\n<figure>\n<table>\n<tbody>\n<tr>\n<td><strong>Dependencia<\/strong><\/td>\n<td><strong>NOMBRE <\/strong><\/td>\n<td><strong>e-mail<\/strong><\/td>\n<\/tr>\n<tr>\n<td>Directora<\/td>\n<td>Isabel Beltr\u00e1n<\/td>\n<td>irubide.directora@educacion.navarra.es<\/td>\n<\/tr>\n<tr>\n<td>Vicedirectora<\/td>\n<td>Araceli L\u00f3pez<\/td>\n<td>irubide.vicedirectora@educacion.navarra.es<\/td>\n<\/tr>\n<tr>\n<td>Jefa de Estudios<\/td>\n<td>Carmen Perag\u00f3n<\/td>\n<td>irubide.jestudios@educacion.navarra.es<\/td>\n<\/tr>\n<tr>\n<td>Jefa de Estudios Adjunta<\/td>\n<td>Patricia \u00c1lvarez<\/td>\n<td>iesirubide-jestudiosadjunta@educacion.navarra.es<\/td>\n<\/tr>\n<tr>\n<td>Secretaria<\/td>\n<td>Rut Bosque<\/td>\n<td>irubide.secretaria@educacion.navarra.es<\/td>\n<\/tr>\n<tr>\n<td>Dto. de Biolog\u00eda y Geolog\u00eda<\/td>\n<td>Beatriz Ciordia<\/td>\n<td>irubide.byg@educacion.navarra.es<\/td>\n<\/tr>\n<tr>\n<td>Dto. de Econom\u00eda<\/td>\n<td>Beatriz Mart\u00ednez<\/td>\n<td>irubide.economia@educacion.navarra.es<\/td>\n<\/tr>\n<tr>\n<td>Dto. de Educaci\u00f3n F\u00edsica<\/td>\n<td>Miguel de Le\u00f3n<\/td>\n<td>irubide.efisica@educacion.navarra.es<\/td>\n<\/tr>\n<tr>\n<td>Dto. de Filosof\u00eda<\/td>\n<td>Jos\u00e9 Miguel Emanalde<\/td>\n<td>irubide.filosofia@educacion.navarra.es<\/td>\n<\/tr>\n<tr>\n<td>Dto. de F\u00edsica y Qu\u00edmica<\/td>\n<td>Vicente Izquierdo<\/td>\n<td>irubide.fyq@educacion.navarra.es<\/td>\n<\/tr>\n<tr>\n<td>Dto. de Franc\u00e9s<\/td>\n<td>Karine Michaud<\/td>\n<td>irubide.frances@educacion.navarra.es<\/td>\n<\/tr>\n<tr>\n<td>Dto. de Geograf\u00eda e Historia<\/td>\n<td>Mayra Gil<\/td>\n<td>irubide.gh@educacion.navarra.es<\/td>\n<\/tr>\n<tr>\n<td>Dto. de Ingl\u00e9s<\/td>\n<td>Agnes Felczak<\/td>\n<td>irubide.ingles@educacion.navarra.es<\/td>\n<\/tr>\n<tr>\n<td>Dto. de Lengua Castellana<\/td>\n<td>Javier Lasheras<\/td>\n<td>irubide.lengua@educacion.navarra.es<\/td>\n<\/tr>\n<tr>\n<td>Dto. de Lat\u00edn y griego<\/td>\n<td>F. Javier Ib\u00e1\u00f1ez<\/td>\n<td>irubide.latin@educacion.navarra.es<\/td>\n<\/tr>\n<tr>\n<td>Dto. de Lengua Vasca<\/td>\n<td>Itsaso Teller\u00eda<\/td>\n<td>irubide.euskara@educacion.navarra.es<\/td>\n<\/tr>\n<tr>\n<td>Dto. de Matem\u00e1ticas<\/td>\n<td>Cristina Mart\u00ednez<\/td>\n<td>irubide.matematicas@educacion.navarra.es<\/td>\n<\/tr>\n<tr>\n<td>Dto. de M\u00fasica<\/td>\n<td>Javier Horno<\/td>\n<td>irubide.musica@educacion.navarra.es<\/td>\n<\/tr>\n<tr>\n<td>Dto. de Orientaci\u00f3n<\/td>\n<td>Nerea Fuertes<\/td>\n<td>irubide.orientacion@educacion.navarra.es<\/td>\n<\/tr>\n<tr>\n<td>Dto. de Pl\u00e1stica<\/td>\n<td>Enrique Benito<\/td>\n<td>irubide.plastica@educacion.navarra.es<\/td>\n<\/tr>\n<tr>\n<td>Dto. de Religi\u00f3n<\/td>\n<td>Jos\u00e9 Manuel Sevilla<\/td>\n<td>irubide.religion@educacion.navarra.es<\/td>\n<\/tr>\n<tr>\n<td>Dto. de Tecnolog\u00eda<\/td>\n<td>Pedro Patri\u00f1o<\/td>\n<td>irubide.tecnologia@educacion.navarra.es<\/td>\n<\/tr>\n<tr>\n<td>Oficina-1<\/td>\n<td>Jes\u00fas Mar\u00eda Labrador<\/td>\n<td>ies.irubide@educacion.navarra.es<\/td>\n<\/tr>\n<tr>\n<td>Oficina-2<\/td>\n<td>Paula Ubillos<\/td>\n<td>ies.irubide@educacion.navarra.es<\/td>\n<\/tr>\n<tr>\n<td>&nbsp;Conserjer\u00eda:<\/td>\n<td>Isidro Asi\u00e1in<\/td>\n<td>&nbsp;irubide.admon@educacion.navarra.es<\/td>\n<\/tr>\n<tr>\n<td>&nbsp;<\/td>\n<td>Nunzio Ferraro<\/td>\n<td>&nbsp;irubide.admon@educacion.navarra.es<\/td>\n<\/tr>\n<tr>\n<td>&nbsp;<\/td>\n<td>&nbsp;Cristina Chandia<\/td>\n<td>&nbsp;irubide.admon@educacion.navarra.es<\/td>\n<\/tr>\n<tr>\n<td>&nbsp;<\/td>\n<td>&nbsp;<\/td>\n<td>&nbsp;<\/td>\n<\/tr>\n<tr>\n<td>&nbsp;<\/td>\n<td>&nbsp;<\/td>\n<td>&nbsp;<\/td>\n<\/tr>\n<tr>\n<td>&nbsp;<\/td>\n<td>&nbsp;<\/td>\n<td>&nbsp;<\/td>\n<\/tr>\n<tr>\n<td>&nbsp;<\/td>\n<td>&nbsp;<\/td>\n<td>&nbsp;<\/td>\n<\/tr>\n<tr>\n<td>&nbsp;<\/td>\n<td>&nbsp;<\/td>\n<td>&nbsp;<\/td>\n<\/tr>\n<tr>\n<td>&nbsp;<\/td>\n<td>&nbsp;<\/td>\n<td>&nbsp;<\/td>\n<\/tr>\n<tr>\n<td>&nbsp;<\/td>\n<td>&nbsp;<\/td>\n<td>&nbsp;<\/td>\n<\/tr>\n<tr>\n<td>&nbsp;<\/td>\n<td>&nbsp;<\/td>\n<td>&nbsp;<\/td>\n<\/tr>\n<tr>\n<td>&nbsp;<\/td>\n<td>&nbsp;<\/td>\n<td>&nbsp;<\/td>\n<\/tr>\n<\/tbody>\n<\/table>\n<\/figure>\n<p><!-- \/wp:table --><\/p>\t\t\t\t\t\t<\/div>\n\t\t\t\t<\/div>\n\t\t\t\t\t<\/div>\n\t\t<\/div>\n\t\t\t\t\t\t\t<\/div>\n\t\t<\/section>\n\t\t\t\t\t\t\t<\/div>\n\t\t","protected":false},"excerpt":{"rendered":"<p>Dependencia NOMBRE e-mail Directora Isabel Beltr\u00e1n irubide.directora@educacion.navarra.es Vicedirectora Araceli L\u00f3pez irubide.vicedirectora@educacion.navarra.es Jefa de Estudios Carmen Perag\u00f3n irubide.jestudios@educacion.navarra.es Jefa de Estudios Adjunta Patricia \u00c1lvarez iesirubide-jestudiosadjunta@educacion.navarra.es Secretaria Rut Bosque irubide.secretaria@educacion.navarra.es Dto. de Biolog\u00eda y Geolog\u00eda Beatriz Ciordia irubide.byg@educacion.navarra.es Dto. de Econom\u00eda Beatriz Mart\u00ednez irubide.economia@educacion.navarra.es Dto. de Educaci\u00f3n F\u00edsica Miguel de Le\u00f3n irubide.efisica@educacion.navarra.es Dto. de Filosof\u00eda Jos\u00e9 Miguel [&hellip;]<\/p>\n","protected":false},"author":1,"featured_media":0,"parent":85,"menu_order":0,"comment_status":"closed","ping_status":"closed","template":"","meta":{"_genesis_hide_title":false,"_genesis_hide_breadcrumbs":false,"_genesis_hide_singular_image":false,"_genesis_hide_footer_widgets":false,"_genesis_custom_body_class":"","_genesis_custom_post_class":"","_genesis_layout":"full-width-content","footnotes":""},"_links":{"self":[{"href":"https:\/\/iespadremoretirubide.educacion.navarra.es\/web1\/wp-json\/wp\/v2\/pages\/93"}],"collection":[{"href":"https:\/\/iespadremoretirubide.educacion.navarra.es\/web1\/wp-json\/wp\/v2\/pages"}],"about":[{"href":"https:\/\/iespadremoretirubide.educacion.navarra.es\/web1\/wp-json\/wp\/v2\/types\/page"}],"author":[{"embeddable":true,"href":"https:\/\/iespadremoretirubide.educacion.navarra.es\/web1\/wp-json\/wp\/v2\/users\/1"}],"replies":[{"embeddable":true,"href":"https:\/\/iespadremoretirubide.educacion.navarra.es\/web1\/wp-json\/wp\/v2\/comments?post=93"}],"version-history":[{"count":27,"href":"https:\/\/iespadremoretirubide.educacion.navarra.es\/web1\/wp-json\/wp\/v2\/pages\/93\/revisions"}],"predecessor-version":[{"id":5838,"href":"https:\/\/iespadremoretirubide.educacion.navarra.es\/web1\/wp-json\/wp\/v2\/pages\/93\/revisions\/5838"}],"up":[{"embeddable":true,"href":"https:\/\/iespadremoretirubide.educacion.navarra.es\/web1\/wp-json\/wp\/v2\/pages\/85"}],"wp:attachment":[{"href":"https:\/\/iespadremoretirubide.educacion.navarra.es\/web1\/wp-json\/wp\/v2\/media?parent=93"}],"curies":[{"name":"wp","href":"https:\/\/api.w.org\/{rel}","templated":true}]}}